{"id":543,"date":"2023-08-28T14:52:36","date_gmt":"2023-08-28T14:52:36","guid":{"rendered":"http:\/\/onceogretmenvakfi.org.tr\/?page_id=543"},"modified":"2024-07-17T06:36:17","modified_gmt":"2024-07-17T03:36:17","slug":"partnerler","status":"publish","type":"page","link":"https:\/\/onceogretmenvakfi.org.tr\/index.php\/partnerler\/","title":{"rendered":"Partnerler"},"content":{"rendered":"\t\t<div data-elementor-type=\"wp-page\" data-elementor-id=\"543\" class=\"elementor elementor-543\" data-elementor-post-type=\"page\">\n\t\t\t\t<div class=\"elementor-element elementor-element-fe13937 e-flex e-con-boxed e-con e-parent\" data-id=\"fe13937\" data-element_type=\"container\" data-e-type=\"container\">\n\t\t\t\t\t<div class=\"e-con-inner\">\n\t\t\t\t<div class=\"elementor-element elementor-element-e7e6cbf elementor-widget elementor-widget-heading\" data-id=\"e7e6cbf\" data-element_type=\"widget\" data-e-type=\"widget\" data-widget_type=\"heading.default\">\n\t\t\t\t<div class=\"elementor-widget-container\">\n\t\t\t\t\t<h2 class=\"elementor-heading-title elementor-size-default\">Partnerler<\/h2>\t\t\t\t<\/div>\n\t\t\t\t<\/div>\n\t\t\t\t<div class=\"elementor-element elementor-element-97838a9 elementor-widget elementor-widget-heading\" data-id=\"97838a9\" data-element_type=\"widget\" data-e-type=\"widget\" data-widget_type=\"heading.default\">\n\t\t\t\t<div class=\"elementor-widget-container\">\n\t\t\t\t\t<h2 class=\"elementor-heading-title elementor-size-default\">Politikalar\u0131 ve insanlar\u0131 e\u011fitim ve \u00f6\u011fretmen refah\u0131nda s\u00fcrd\u00fcr\u00fclebilir ilerlemeye do\u011fru hareket ettirmek i\u00e7in kurumlar, bireyler, de\u011fi\u015fim yaratanlar ve \u00f6nde gelen ara\u015ft\u0131rmac\u0131larla i\u015fbirli\u011fi yap\u0131yoruz.<\/h2>\t\t\t\t<\/div>\n\t\t\t\t<\/div>\n\t\t\t\t\t<\/div>\n\t\t\t\t<\/div>\n\t\t<div class=\"elementor-element elementor-element-efd9b66 e-flex e-con-boxed e-con e-parent\" data-id=\"efd9b66\" data-element_type=\"container\" data-e-type=\"container\">\n\t\t\t\t\t<div class=\"e-con-inner\">\n\t\t<div class=\"elementor-element elementor-element-d101920 e-con-full e-flex e-con e-child\" data-id=\"d101920\" data-element_type=\"container\" data-e-type=\"container\">\n\t\t\t\t<div class=\"elementor-element elementor-element-5720255 elementor-widget elementor-widget-heading\" data-id=\"5720255\" data-element_type=\"widget\" data-e-type=\"widget\" data-widget_type=\"heading.default\">\n\t\t\t\t<div class=\"elementor-widget-container\">\n\t\t\t\t\t<h2 class=\"elementor-heading-title elementor-size-default\">Ulusal ve Uluslararas\u0131 \u0130\u015fbirlikleri<\/h2>\t\t\t\t<\/div>\n\t\t\t\t<\/div>\n\t\t\t\t<div class=\"elementor-element elementor-element-067bb72 elementor-widget-divider--view-line elementor-widget elementor-widget-divider\" data-id=\"067bb72\" data-element_type=\"widget\" data-e-type=\"widget\" data-widget_type=\"divider.default\">\n\t\t\t\t<div class=\"elementor-widget-container\">\n\t\t\t\t\t\t\t<div class=\"elementor-divider\">\n\t\t\t<span class=\"elementor-divider-separator\">\n\t\t\t\t\t\t<\/span>\n\t\t<\/div>\n\t\t\t\t\t\t<\/div>\n\t\t\t\t<\/div>\n\t\t\t\t<\/div>\n\t\t<div class=\"elementor-element elementor-element-fde6666 e-con-full e-flex e-con e-child\" data-id=\"fde6666\" data-element_type=\"container\" data-e-type=\"container\">\n\t\t\t\t<div class=\"elementor-element elementor-element-4e75e55 elementor-widget elementor-widget-image\" data-id=\"4e75e55\" data-element_type=\"widget\" data-e-type=\"widget\" data-widget_type=\"image.default\">\n\t\t\t\t<div class=\"elementor-widget-container\">\n\t\t\t\t\t\t\t\t\t\t\t\t\t\t\t<img fetchpriority=\"high\" decoding=\"async\" width=\"512\" height=\"256\" src=\"https:\/\/onceogretmenvakfi.org.tr\/wp-content\/uploads\/2024\/04\/unnamed-1.png\" class=\"attachment-large size-large wp-image-1452\" alt=\"\" srcset=\"https:\/\/onceogretmenvakfi.org.tr\/wp-content\/uploads\/2024\/04\/unnamed-1.png 512w, https:\/\/onceogretmenvakfi.org.tr\/wp-content\/uploads\/2024\/04\/unnamed-1-300x150.png 300w\" sizes=\"(max-width: 512px) 100vw, 512px\" \/>\t\t\t\t\t\t\t\t\t\t\t\t\t\t\t<\/div>\n\t\t\t\t<\/div>\n\t\t\t\t<\/div>\n\t\t<div class=\"elementor-element elementor-element-7f99afe e-con-full e-flex e-con e-child\" data-id=\"7f99afe\" data-element_type=\"container\" data-e-type=\"container\">\n\t\t\t\t<div class=\"elementor-element elementor-element-5c2d79d elementor-widget elementor-widget-heading\" data-id=\"5c2d79d\" data-element_type=\"widget\" data-e-type=\"widget\" data-widget_type=\"heading.default\">\n\t\t\t\t<div class=\"elementor-widget-container\">\n\t\t\t\t\t<h2 class=\"elementor-heading-title elementor-size-default\">STEM PD Community<br>of Practice (STEM CoP)<\/h2>\t\t\t\t<\/div>\n\t\t\t\t<\/div>\n\t\t\t\t<div class=\"elementor-element elementor-element-6b240f4 elementor-widget elementor-widget-text-editor\" data-id=\"6b240f4\" data-element_type=\"widget\" data-e-type=\"widget\" data-widget_type=\"text-editor.default\">\n\t\t\t\t<div class=\"elementor-widget-container\">\n\t\t\t\t\t\t\t\t\t<p>STEM PD Uygulama Toplulu\u011fu (STEM CoP), e\u011fitimle ilgili konular\u0131 tart\u0131\u015fmak \u00fczere d\u00fcnyan\u0131n d\u00f6rt bir yan\u0131ndan ara\u015ft\u0131rmac\u0131lar\u0131, uygulay\u0131c\u0131lar\u0131 ve payda\u015flar\u0131 bir araya getirmeyi ama\u00e7lamaktad\u0131r. STEM CoP, STEM M\u00fcfredat\u0131 geli\u015ftirmekte ve farkl\u0131 \u00fclkelerde STEM PD programlar\u0131 y\u00fcr\u00fctmektedir. STEM CoP ayr\u0131ca STEM e\u011fitimi alan\u0131nda dergi ve kitaplar yay\u0131nlamaktad\u0131r.<\/p><p>STEM CoP \u201cUluslararas\u0131 STEM E\u011fitimi Konferans\u0131\u201d d\u00fczenlemekte ve sosyal medya kanallar\u0131 \u00f6\u011fretmenlere kaynak sa\u011flamakta, \u00f6\u011fretmenler ve \u00f6\u011fretim g\u00f6revlileri i\u00e7in \u00e7evrimi\u00e7i bir forum ba\u015flatmaktad\u0131r. \u00d6nce \u00d6\u011fretmen Vakf\u0131, bu konferans\u0131n y\u0131ll\u0131k kat\u0131l\u0131mc\u0131lar\u0131ndan biridir. <\/p>\t\t\t\t\t\t\t\t<\/div>\n\t\t\t\t<\/div>\n\t\t\t\t<\/div>\n\t\t<div class=\"elementor-element elementor-element-3c74a52 e-con-full e-flex e-con e-child\" data-id=\"3c74a52\" data-element_type=\"container\" data-e-type=\"container\">\n\t\t\t\t<div class=\"elementor-element elementor-element-7f900ba elementor-widget elementor-widget-image\" data-id=\"7f900ba\" data-element_type=\"widget\" data-e-type=\"widget\" data-widget_type=\"image.default\">\n\t\t\t\t<div class=\"elementor-widget-container\">\n\t\t\t\t\t\t\t\t\t\t\t\t\t\t\t<img decoding=\"async\" width=\"800\" height=\"233\" src=\"https:\/\/onceogretmenvakfi.org.tr\/wp-content\/uploads\/2024\/04\/ICSE-Science-Factory-Logo.png\" class=\"attachment-large size-large wp-image-1453\" alt=\"\" srcset=\"https:\/\/onceogretmenvakfi.org.tr\/wp-content\/uploads\/2024\/04\/ICSE-Science-Factory-Logo.png 850w, https:\/\/onceogretmenvakfi.org.tr\/wp-content\/uploads\/2024\/04\/ICSE-Science-Factory-Logo-300x88.png 300w, https:\/\/onceogretmenvakfi.org.tr\/wp-content\/uploads\/2024\/04\/ICSE-Science-Factory-Logo-768x224.png 768w\" sizes=\"(max-width: 800px) 100vw, 800px\" \/>\t\t\t\t\t\t\t\t\t\t\t\t\t\t\t<\/div>\n\t\t\t\t<\/div>\n\t\t\t\t<\/div>\n\t\t<div class=\"elementor-element elementor-element-4669707 e-con-full e-flex e-con e-child\" data-id=\"4669707\" data-element_type=\"container\" data-e-type=\"container\">\n\t\t\t\t<div class=\"elementor-element elementor-element-3ec4f1b elementor-widget elementor-widget-heading\" data-id=\"3ec4f1b\" data-element_type=\"widget\" data-e-type=\"widget\" data-widget_type=\"heading.default\">\n\t\t\t\t<div class=\"elementor-widget-container\">\n\t\t\t\t\t<h2 class=\"elementor-heading-title elementor-size-default\">ICSE FACTORY<br>(ICSE B\u0130L\u0130M FABR\u0130KASI)<\/h2>\t\t\t\t<\/div>\n\t\t\t\t<\/div>\n\t\t\t\t<div class=\"elementor-element elementor-element-f7435cc elementor-widget elementor-widget-text-editor\" data-id=\"f7435cc\" data-element_type=\"widget\" data-e-type=\"widget\" data-widget_type=\"text-editor.default\">\n\t\t\t\t<div class=\"elementor-widget-container\">\n\t\t\t\t\t\t\t\t\t<p><span style=\"font-weight: 400;\">\u00d6nce \u00d6\u011fretmen Vakf\u0131 olarak, Hacettepe \u00dcniversitesi Stem&amp;Maker Lab ile ortak par\u00e7as\u0131 oldu\u011fumuz, fen e\u011fitimi ve okuryazarl\u0131kta ya\u015fanan eksiklikleri gidermeyi ama\u00e7layan, AB destekli ICSE Science Factory ile stratejik bir i\u015fbirli\u011fi i\u00e7inde oldu\u011fumuzu duyurman\u0131n heyecan\u0131n\u0131 ya\u015f\u0131yoruz. Bu ortak \u00e7al\u0131\u015fmam\u0131z, e\u011fitimcilerin refah\u0131n\u0131 ve s\u00fcrekli \u00f6\u011frenmeyi te\u015fvik etmeye y\u00f6nelik ana misyonumuzla tam anlam\u0131yla \u00f6rt\u00fc\u015fmektedir. ICSE&#8217;nin sekt\u00f6rler aras\u0131 g\u00fc\u00e7l\u00fc ortakl\u0131klar ve toplum kat\u0131l\u0131m\u0131 olu\u015fturma odakl\u0131 yakla\u015f\u0131m\u0131, T\u00fcrkiye ve yurtd\u0131\u015f\u0131nda y\u00fcr\u00fctt\u00fc\u011f\u00fcm\u00fcz, e\u011fitimcilere \u00f6zel hedefe y\u00f6nelik e\u011fitimler ve kapsaml\u0131 a\u011f olu\u015fturma faaliyetlerimizi kuvvetli bir \u015fekilde desteklemektedir. Ortakl\u0131\u011f\u0131m\u0131z sayesinde sadece fen e\u011fitimindeki standartlar\u0131 y\u00fckseltmekle kalm\u0131yor, ayn\u0131 zamanda mentorluk programlar\u0131 ve topluma dair ger\u00e7ek problemleri \u00e7\u00f6zme aktiviteleri ile \u00f6\u011fretmenlerin refah\u0131na da katk\u0131da bulunuyoruz. Bu i\u015fbirli\u011fi, mevcut \u00e7al\u0131\u015fmalar\u0131m\u0131z\u0131 zenginle\u015ftirmenin yan\u0131 s\u0131ra, e\u011fitim ekosistemine b\u00fct\u00fcnsel ve s\u00fcrd\u00fcr\u00fclebilir bir etki yapma kapasitemizi de art\u0131rmaktad\u0131r.<\/span><\/p><p>STEM CoP \u201cUluslararas\u0131 STEM E\u011fitimi Konferans\u0131\u201d d\u00fczenlemekte ve sosyal medya kanallar\u0131 \u00f6\u011fretmenlere kaynak sa\u011flamakta, \u00f6\u011fretmenler ve \u00f6\u011fretim g\u00f6revlileri i\u00e7in \u00e7evrimi\u00e7i bir forum ba\u015flatmaktad\u0131r. \u00d6nce \u00d6\u011fretmen Vakf\u0131, bu konferans\u0131n y\u0131ll\u0131k kat\u0131l\u0131mc\u0131lar\u0131ndan biridir.<\/p>\t\t\t\t\t\t\t\t<\/div>\n\t\t\t\t<\/div>\n\t\t\t\t<\/div>\n\t\t\t\t\t<\/div>\n\t\t\t\t<\/div>\n\t\t<div class=\"elementor-element elementor-element-e17df7c e-flex e-con-boxed e-con e-parent\" data-id=\"e17df7c\" data-element_type=\"container\" data-e-type=\"container\">\n\t\t\t\t\t<div class=\"e-con-inner\">\n\t\t<div class=\"elementor-element elementor-element-1f376c1 e-con-full e-flex e-con e-child\" data-id=\"1f376c1\" data-element_type=\"container\" data-e-type=\"container\">\n\t\t\t\t<div class=\"elementor-element elementor-element-ebc14e2 elementor-widget elementor-widget-heading\" data-id=\"ebc14e2\" data-element_type=\"widget\" data-e-type=\"widget\" data-widget_type=\"heading.default\">\n\t\t\t\t<div class=\"elementor-widget-container\">\n\t\t\t\t\t<h2 class=\"elementor-heading-title elementor-size-default\">AB \u0130\u015fbirlikleri<\/h2>\t\t\t\t<\/div>\n\t\t\t\t<\/div>\n\t\t\t\t<div class=\"elementor-element elementor-element-eacaae3 elementor-widget-divider--view-line elementor-widget elementor-widget-divider\" data-id=\"eacaae3\" data-element_type=\"widget\" data-e-type=\"widget\" data-widget_type=\"divider.default\">\n\t\t\t\t<div class=\"elementor-widget-container\">\n\t\t\t\t\t\t\t<div class=\"elementor-divider\">\n\t\t\t<span class=\"elementor-divider-separator\">\n\t\t\t\t\t\t<\/span>\n\t\t<\/div>\n\t\t\t\t\t\t<\/div>\n\t\t\t\t<\/div>\n\t\t\t\t<\/div>\n\t\t<div class=\"elementor-element elementor-element-f97703f e-con-full e-flex e-con e-child\" data-id=\"f97703f\" data-element_type=\"container\" data-e-type=\"container\">\n\t\t\t\t<div class=\"elementor-element elementor-element-31a55a4 elementor-widget elementor-widget-heading\" data-id=\"31a55a4\" data-element_type=\"widget\" data-e-type=\"widget\" data-widget_type=\"heading.default\">\n\t\t\t\t<div class=\"elementor-widget-container\">\n\t\t\t\t\t<h2 class=\"elementor-heading-title elementor-size-default\">HORIZON2020<\/h2>\t\t\t\t<\/div>\n\t\t\t\t<\/div>\n\t\t\t\t<\/div>\n\t\t<div class=\"elementor-element elementor-element-2bcbbfc e-con-full e-flex e-con e-child\" data-id=\"2bcbbfc\" data-element_type=\"container\" data-e-type=\"container\">\n\t\t\t\t<div class=\"elementor-element elementor-element-769f8cd elementor-widget elementor-widget-text-editor\" data-id=\"769f8cd\" data-element_type=\"widget\" data-e-type=\"widget\" data-widget_type=\"text-editor.default\">\n\t\t\t\t<div class=\"elementor-widget-container\">\n\t\t\t\t\t\t\t\t\t<p>\u00d6nce \u00d6\u011fretmen Vakf\u0131, Avrupa Birli\u011fi\u2019ni bilimsel ve teknolojik y\u00f6nden g\u00fc\u00e7lendirmek, Avrupa\u2019n\u0131n yenilik kapasitesini, rekabet\u00e7ili\u011fini ve istihdam\u0131n\u0131 y\u00fckseltmek, toplum \u00f6nceliklerini kar\u015f\u0131lamak, Avrupa\u2019n\u0131n sosyoekonomik model ve de\u011ferlerini s\u00fcrd\u00fcrmek amac\u0131yla planlanm\u0131\u015f \u201cUfuk 2020\u201d \u00c7er\u00e7eve Program\u0131 kapsam\u0131nda ICSE Science Factory koordinat\u00f6rl\u00fc\u011f\u00fcnde \u201cOpen schooling for science education and a learning continuum for all (Bilim e\u011fitiminde a\u00e7\u0131k okul yakla\u015f\u0131m\u0131yla herkes i\u00e7in bir \u00f6\u011frenme s\u00fcreklili\u011fi)\u201d ba\u015fl\u0131kl\u0131 Avrupa Birli\u011fi Projesinin payda\u015flar\u0131ndan birisidir.&nbsp;<\/p>\t\t\t\t\t\t\t\t<\/div>\n\t\t\t\t<\/div>\n\t\t\t\t<\/div>\n\t\t<div class=\"elementor-element elementor-element-731c205 e-con-full e-flex e-con e-child\" data-id=\"731c205\" data-element_type=\"container\" data-e-type=\"container\">\n\t\t\t\t<div class=\"elementor-element elementor-element-e96e25d elementor-widget elementor-widget-heading\" data-id=\"e96e25d\" data-element_type=\"widget\" data-e-type=\"widget\" data-widget_type=\"heading.default\">\n\t\t\t\t<div class=\"elementor-widget-container\">\n\t\t\t\t\t<h2 class=\"elementor-heading-title elementor-size-default\">Erasmus+ Programme of the<br>European Union\n<div><br><\/div><\/h2>\t\t\t\t<\/div>\n\t\t\t\t<\/div>\n\t\t\t\t<\/div>\n\t\t<div class=\"elementor-element elementor-element-78c9dbc e-con-full e-flex e-con e-child\" data-id=\"78c9dbc\" data-element_type=\"container\" data-e-type=\"container\">\n\t\t\t\t<div class=\"elementor-element elementor-element-0c8aa13 elementor-widget elementor-widget-text-editor\" data-id=\"0c8aa13\" data-element_type=\"widget\" data-e-type=\"widget\" data-widget_type=\"text-editor.default\">\n\t\t\t\t<div class=\"elementor-widget-container\">\n\t\t\t\t\t\t\t\t\t<p>\u00d6nce \u00d6\u011fretmen Vakf\u0131, \u015fu anda Mersin \u00dcniversitesi\u2019nin AB projeleri haz\u0131rlama ekibinin liderli\u011finde aktif olarak \u0130talya, Estonya, Polonya ve di\u011fer bir\u00e7ok \u00fclkede faaliyet g\u00f6steren okullar, mesleki e\u011fitim kurumlar\u0131, politika geli\u015ftiriciler, \u00fcniversiteler ve ara\u015ft\u0131rma kurumlar\u0131ndan olu\u015fan ba\u011flant\u0131 yeti\u015fkin e\u011fitimi konulu Erasmus+ KA210 projeleri y\u00fcr\u00fctmektedir.<\/p>\t\t\t\t\t\t\t\t<\/div>\n\t\t\t\t<\/div>\n\t\t\t\t<\/div>\n\t\t\t\t\t<\/div>\n\t\t\t\t<\/div>\n\t\t<div class=\"elementor-element elementor-element-b979dd7 e-flex e-con-boxed e-con e-parent\" data-id=\"b979dd7\" data-element_type=\"container\" data-e-type=\"container\">\n\t\t\t\t\t<div class=\"e-con-inner\">\n\t\t\t\t<div class=\"elementor-element elementor-element-4dc3bf4 elementor-widget elementor-widget-template\" data-id=\"4dc3bf4\" data-element_type=\"widget\" data-e-type=\"widget\" data-widget_type=\"template.default\">\n\t\t\t\t<div class=\"elementor-widget-container\">\n\t\t\t\t\t\t\t<div class=\"elementor-template\">\n\t\t\t\t\t<div data-elementor-type=\"container\" data-elementor-id=\"2235\" class=\"elementor elementor-2235\" data-elementor-post-type=\"elementor_library\">\n\t\t\t\t<div class=\"elementor-element elementor-element-48eb89f3 e-flex e-con-boxed e-con e-parent\" data-id=\"48eb89f3\" data-element_type=\"container\" data-e-type=\"container\">\n\t\t\t\t\t<div class=\"e-con-inner\">\n\t\t\t\t<div class=\"elementor-element elementor-element-1f033b28 elementor-arrows-position-inside elementor-pagination-position-outside elementor-widget elementor-widget-image-carousel\" data-id=\"1f033b28\" data-element_type=\"widget\" data-e-type=\"widget\" data-settings=\"{&quot;slides_to_show&quot;:&quot;5&quot;,&quot;slides_to_show_mobile&quot;:&quot;2&quot;,&quot;navigation&quot;:&quot;both&quot;,&quot;autoplay&quot;:&quot;yes&quot;,&quot;pause_on_hover&quot;:&quot;yes&quot;,&quot;pause_on_interaction&quot;:&quot;yes&quot;,&quot;autoplay_speed&quot;:5000,&quot;infinite&quot;:&quot;yes&quot;,&quot;speed&quot;:500}\" data-widget_type=\"image-carousel.default\">\n\t\t\t\t<div class=\"elementor-widget-container\">\n\t\t\t\t\t\t\t<div class=\"elementor-image-carousel-wrapper swiper\" role=\"region\" aria-roledescription=\"carousel\" aria-label=\"Image Carousel\" dir=\"ltr\">\n\t\t\t<div class=\"elementor-image-carousel swiper-wrapper\" aria-live=\"off\">\n\t\t\t\t\t\t\t\t<div class=\"swiper-slide\" role=\"group\" aria-roledescription=\"slide\" aria-label=\"1 of 9\"><figure class=\"swiper-slide-inner\"><img decoding=\"async\" class=\"swiper-slide-image\" src=\"https:\/\/onceogretmenvakfi.org.tr\/wp-content\/uploads\/2024\/05\/Group-369.jpg\" alt=\"Group 369\" \/><\/figure><\/div><div class=\"swiper-slide\" role=\"group\" aria-roledescription=\"slide\" aria-label=\"2 of 9\"><figure class=\"swiper-slide-inner\"><img decoding=\"async\" class=\"swiper-slide-image\" src=\"https:\/\/onceogretmenvakfi.org.tr\/wp-content\/uploads\/2024\/05\/Group-366.jpg\" alt=\"Group 366\" \/><\/figure><\/div><div class=\"swiper-slide\" role=\"group\" aria-roledescription=\"slide\" aria-label=\"3 of 9\"><figure class=\"swiper-slide-inner\"><img decoding=\"async\" class=\"swiper-slide-image\" src=\"https:\/\/onceogretmenvakfi.org.tr\/wp-content\/uploads\/2024\/05\/Group-370.jpg\" alt=\"Group 370\" \/><\/figure><\/div><div class=\"swiper-slide\" role=\"group\" aria-roledescription=\"slide\" aria-label=\"4 of 9\"><figure class=\"swiper-slide-inner\"><img decoding=\"async\" class=\"swiper-slide-image\" src=\"https:\/\/onceogretmenvakfi.org.tr\/wp-content\/uploads\/2024\/05\/Group-363.jpg\" alt=\"Group 363\" \/><\/figure><\/div><div class=\"swiper-slide\" role=\"group\" aria-roledescription=\"slide\" aria-label=\"5 of 9\"><figure class=\"swiper-slide-inner\"><img decoding=\"async\" class=\"swiper-slide-image\" src=\"https:\/\/onceogretmenvakfi.org.tr\/wp-content\/uploads\/2024\/05\/Group-365.jpg\" alt=\"Group 365\" \/><\/figure><\/div><div class=\"swiper-slide\" role=\"group\" aria-roledescription=\"slide\" aria-label=\"6 of 9\"><figure class=\"swiper-slide-inner\"><img decoding=\"async\" class=\"swiper-slide-image\" src=\"https:\/\/onceogretmenvakfi.org.tr\/wp-content\/uploads\/2024\/05\/Group-362.jpg\" alt=\"Group 362\" \/><\/figure><\/div><div class=\"swiper-slide\" role=\"group\" aria-roledescription=\"slide\" aria-label=\"7 of 9\"><figure class=\"swiper-slide-inner\"><img decoding=\"async\" class=\"swiper-slide-image\" src=\"https:\/\/onceogretmenvakfi.org.tr\/wp-content\/uploads\/2024\/05\/Group-360.jpg\" alt=\"Group 360\" \/><\/figure><\/div><div class=\"swiper-slide\" role=\"group\" aria-roledescription=\"slide\" aria-label=\"8 of 9\"><figure class=\"swiper-slide-inner\"><img decoding=\"async\" class=\"swiper-slide-image\" src=\"https:\/\/onceogretmenvakfi.org.tr\/wp-content\/uploads\/2024\/05\/Group-361.jpg\" alt=\"Group 361\" \/><\/figure><\/div><div class=\"swiper-slide\" role=\"group\" aria-roledescription=\"slide\" aria-label=\"9 of 9\"><figure class=\"swiper-slide-inner\"><img decoding=\"async\" class=\"swiper-slide-image\" src=\"https:\/\/onceogretmenvakfi.org.tr\/wp-content\/uploads\/2024\/05\/Group-364.jpg\" alt=\"Group 364\" \/><\/figure><\/div>\t\t\t<\/div>\n\t\t\t\t\t\t\t\t\t\t\t\t<div class=\"elementor-swiper-button elementor-swiper-button-prev\" role=\"button\" tabindex=\"0\">\n\t\t\t\t\t\t<i aria-hidden=\"true\" class=\"eicon-chevron-left\"><\/i>\t\t\t\t\t<\/div>\n\t\t\t\t\t<div class=\"elementor-swiper-button elementor-swiper-button-next\" role=\"button\" tabindex=\"0\">\n\t\t\t\t\t\t<i aria-hidden=\"true\" class=\"eicon-chevron-right\"><\/i>\t\t\t\t\t<\/div>\n\t\t\t\t\n\t\t\t\t\t\t\t\t\t<div class=\"swiper-pagination\"><\/div>\n\t\t\t\t\t\t\t\t\t<\/div>\n\t\t\t\t\t\t<\/div>\n\t\t\t\t<\/div>\n\t\t\t\t\t<\/div>\n\t\t\t\t<\/div>\n\t\t\t\t<\/div>\n\t\t\t\t<\/div>\n\t\t\t\t\t\t<\/div>\n\t\t\t\t<\/div>\n\t\t\t\t\t<\/div>\n\t\t\t\t<\/div>\n\t\t\t\t<\/div>\n\t\t","protected":false},"excerpt":{"rendered":"<p>Partnerler Politikalar\u0131 ve insanlar\u0131 e\u011fitim ve \u00f6\u011fretmen refah\u0131nda s\u00fcrd\u00fcr\u00fclebilir ilerlemeye do\u011fru hareket ettirmek i\u00e7in kurumlar, bireyler, de\u011fi\u015fim yaratanlar ve \u00f6nde gelen ara\u015ft\u0131rmac\u0131larla i\u015fbirli\u011fi yap\u0131yoruz. Ulusal ve Uluslararas\u0131 \u0130\u015fbirlikleri STEM PD Communityof Practice (STEM CoP) STEM PD Uygulama Toplulu\u011fu (STEM CoP), e\u011fitimle ilgili konular\u0131 tart\u0131\u015fmak \u00fczere d\u00fcnyan\u0131n d\u00f6rt bir yan\u0131ndan ara\u015ft\u0131rmac\u0131lar\u0131, uygulay\u0131c\u0131lar\u0131 ve payda\u015flar\u0131 bir araya [&hellip;]<\/p>\n","protected":false},"author":1,"featured_media":0,"parent":0,"menu_order":0,"comment_status":"closed","ping_status":"closed","template":"","meta":{"footnotes":""},"class_list":["post-543","page","type-page","status-publish","hentry"],"_links":{"self":[{"href":"https:\/\/onceogretmenvakfi.org.tr\/index.php\/wp-json\/wp\/v2\/pages\/543","targetHints":{"allow":["GET"]}}],"collection":[{"href":"https:\/\/onceogretmenvakfi.org.tr\/index.php\/wp-json\/wp\/v2\/pages"}],"about":[{"href":"https:\/\/onceogretmenvakfi.org.tr\/index.php\/wp-json\/wp\/v2\/types\/page"}],"author":[{"embeddable":true,"href":"https:\/\/onceogretmenvakfi.org.tr\/index.php\/wp-json\/wp\/v2\/users\/1"}],"replies":[{"embeddable":true,"href":"https:\/\/onceogretmenvakfi.org.tr\/index.php\/wp-json\/wp\/v2\/comments?post=543"}],"version-history":[{"count":28,"href":"https:\/\/onceogretmenvakfi.org.tr\/index.php\/wp-json\/wp\/v2\/pages\/543\/revisions"}],"predecessor-version":[{"id":2246,"href":"https:\/\/onceogretmenvakfi.org.tr\/index.php\/wp-json\/wp\/v2\/pages\/543\/revisions\/2246"}],"wp:attachment":[{"href":"https:\/\/onceogretmenvakfi.org.tr\/index.php\/wp-json\/wp\/v2\/media?parent=543"}],"curies":[{"name":"wp","href":"https:\/\/api.w.org\/{rel}","templated":true}]}}